{"id":2,"date":"2025-12-01T12:09:45","date_gmt":"2025-12-01T12:09:45","guid":{"rendered":"http:\/\/khev.de\/?page_id=2"},"modified":"2025-12-03T20:04:13","modified_gmt":"2025-12-03T19:04:13","slug":"impressum","status":"publish","type":"page","link":"https:\/\/khev.de\/en\/impressum\/","title":{"rendered":"Imprint"},"content":{"rendered":"<p class=\"has-text-align-center\">Kultur Hafen e.V.<br>Klosterbergestra\u00dfe 24<br>39104 Magdeburg<br><br>Vereinsregister: VR 4108<br>Registergericht: Amtsgericht Stendal<br><br>Vertreten durch:<br>Bj\u00f6rn Zwernemann<br>Peter Schulze<br>Felix Kaminski<br><br>E-Mail: impressum@khev.de<br><br>Redaktionell verantwortlich<br>Bj\u00f6rn Zwernemann<br>c\/o Kultur Hafen e.V.<br>Klosterbergestra\u00dfe 24<br>39104 Magdeburg<br><br>Verbraucherstreitbeilegung\/Universalschlichtungsstelle<br>Wir sind nicht bereit oder verpflichtet, an Streitbeilegungsverfahren vor einer<br>Verbraucherschlichtungsstelle teilzunehmen.<br><br>Quelle:<br>https:\/\/www.e-recht24.de\/impressum-generator.html<\/p>","protected":false},"excerpt":{"rendered":"<p>Kultur Hafen e.V.Klosterbergestra\u00dfe 2439104 Magdeburg Vereinsregister: VR 4108Registergericht: Amtsgericht Stendal Vertreten durch:Bj\u00f6rn ZwernemannPeter SchulzeFelix Kaminski E-Mail: impressum@khev.de Redaktionell verantwortlichBj\u00f6rn Zwernemannc\/o Kultur Hafen e.V.Klosterbergestra\u00dfe 2439104 Magdeburg Verbraucherstreitbeilegung\/UniversalschlichtungsstelleWir sind nicht bereit oder verpflichtet, an Streitbeilegungsverfahren vor einerVerbraucherschlichtungsstelle teilzunehmen. Quelle:https:\/\/www.e-recht24.de\/impressum-generator.html<\/p>","protected":false},"author":1,"featured_media":0,"parent":0,"menu_order":0,"comment_status":"closed","ping_status":"closed","template":"","meta":{"footnotes":""},"class_list":["post-2","page","type-page","status-publish","hentry"],"aioseo_notices":[],"_links":{"self":[{"href":"https:\/\/khev.de\/en\/wp-json\/wp\/v2\/pages\/2","targetHints":{"allow":["GET"]}}],"collection":[{"href":"https:\/\/khev.de\/en\/wp-json\/wp\/v2\/pages"}],"about":[{"href":"https:\/\/khev.de\/en\/wp-json\/wp\/v2\/types\/page"}],"author":[{"embeddable":true,"href":"https:\/\/khev.de\/en\/wp-json\/wp\/v2\/users\/1"}],"replies":[{"embeddable":true,"href":"https:\/\/khev.de\/en\/wp-json\/wp\/v2\/comments?post=2"}],"version-history":[{"count":5,"href":"https:\/\/khev.de\/en\/wp-json\/wp\/v2\/pages\/2\/revisions"}],"predecessor-version":[{"id":198,"href":"https:\/\/khev.de\/en\/wp-json\/wp\/v2\/pages\/2\/revisions\/198"}],"wp:attachment":[{"href":"https:\/\/khev.de\/en\/wp-json\/wp\/v2\/media?parent=2"}],"curies":[{"name":"wp","href":"https:\/\/api.w.org\/{rel}","templated":true}]}}