{"id":199,"date":"2025-12-03T02:51:03","date_gmt":"2025-12-03T01:51:03","guid":{"rendered":"https:\/\/khev.de\/?page_id=199"},"modified":"2025-12-09T00:56:57","modified_gmt":"2025-12-08T23:56:57","slug":"spende","status":"publish","type":"page","link":"https:\/\/khev.de\/en\/spende\/","title":{"rendered":"Financial Support"},"content":{"rendered":"<h3 class=\"wp-block-heading has-text-align-center\">Our Donation Account<\/h3>\n\n\n\n<p class=\"has-text-align-center\">Kultur Hafen e.V.<br>IBAN: DE25 8306 5408 0005 2668 90<br>BIC: GENODEF1SLR<br>VR Altenburger Land<br>Payment Reference: freie Spende (free donation)<\/p>\n\n\n\n<blockquote class=\"wp-block-quote is-layout-flow wp-block-quote-is-layout-flow\">\n<p class=\"has-text-align-center\">\u00bbSepa-\u00dcberweisung ist f\u00fcr uns und Dich weiterhin am g\u00fcnstigsten\u00ab<\/p>\n\n\n\n<h3 class=\"wp-block-heading has-text-align-center\">GiroCode for banking apps<\/h3>\n<\/blockquote>\n\n\n\n<figure class=\"wp-block-image aligncenter size-full is-resized has-custom-border is-style-default\"><img decoding=\"async\" width=\"160\" height=\"160\" src=\"https:\/\/khev.de\/wp-content\/uploads\/2025\/12\/JPEG-Bild-45CA-A8DE-0D-0.jpeg\" alt=\"\" class=\"wp-image-200\" style=\"border-top-left-radius:17px;border-top-right-radius:17px;border-bottom-left-radius:17px;border-bottom-right-radius:17px;width:480px;height:auto\" srcset=\"https:\/\/khev.de\/wp-content\/uploads\/2025\/12\/JPEG-Bild-45CA-A8DE-0D-0.jpeg 160w, https:\/\/khev.de\/wp-content\/uploads\/2025\/12\/JPEG-Bild-45CA-A8DE-0D-0-150x150.jpeg 150w\" sizes=\"(max-width: 160px) 100vw, 160px\" \/><\/figure>\n\n\n\n<hr class=\"wp-block-separator has-alpha-channel-opacity\"\/>\n\n\n\n<h3 class=\"wp-block-heading has-text-align-center\">Paypal<\/h3>\n\n\n\n<div class=\"wp-block-buttons is-content-justification-center is-layout-flex wp-container-core-buttons-is-layout-a89b3969 wp-block-buttons-is-layout-flex\">\n<div class=\"wp-block-button\"><a class=\"wp-block-button__link wp-element-button\" href=\"https:\/\/www.paypal.com\/donate\/?hosted_button_id=GWRB3XX5KGS4A\" target=\"_blank\" rel=\"noreferrer noopener\">PayPal Donation<\/a><\/div>\n<\/div>\n\n\n\n<p class=\"has-text-align-center\">\u00bbDie Geb\u00fchr betr\u00e4gt f\u00fcr gemeinn\u00fctzige Organisationen in der Regel 1,5 % + 0,35 \u20ac pro Transaktion\u00ab<\/p>\n\n\n\n<div class=\"wp-block-buttons is-content-justification-center is-layout-flex wp-container-core-buttons-is-layout-a89b3969 wp-block-buttons-is-layout-flex\">\n<div class=\"wp-block-button\"><a class=\"wp-block-button__link wp-element-button\" href=\"https:\/\/paypal.me\/kulturhafen\" target=\"_blank\" rel=\"noreferrer noopener\">PayPal.me\/kulturhafen<\/a><\/div>\n<\/div>\n\n\n\n<p class=\"has-text-align-center\">\u00bbDie Standardgeb\u00fchr betr\u00e4gt von 2,49 % bis 3,49 % + 0,35 \u20ac pro Transaktion\u00ab<\/p>","protected":false},"excerpt":{"rendered":"<p>Unser Spendenkonto Kultur Hafen e.V.IBAN: DE25 8306 5408 0005 2668 90BIC: GENODEF1SLRVR Altenburger LandVerwendungszweck: freie Spende \u00bbSepa-\u00dcberweisung ist f\u00fcr uns und Dich weiterhin am g\u00fcnstigsten\u00ab GiroCode f\u00fcr Banking Apps Paypal \u00bbDie Geb\u00fchr betr\u00e4gt f\u00fcr gemeinn\u00fctzige Organisationen in der Regel 1,5 % + 0,35 \u20ac pro Transaktion\u00ab \u00bbDie Standardgeb\u00fchr betr\u00e4gt von 2,49 % bis 3,49 % [&hellip;]<\/p>\n","protected":false},"author":1,"featured_media":0,"parent":0,"menu_order":0,"comment_status":"closed","ping_status":"closed","template":"","meta":{"footnotes":""},"class_list":["post-199","page","type-page","status-publish","hentry"],"aioseo_notices":[],"_links":{"self":[{"href":"https:\/\/khev.de\/en\/wp-json\/wp\/v2\/pages\/199","targetHints":{"allow":["GET"]}}],"collection":[{"href":"https:\/\/khev.de\/en\/wp-json\/wp\/v2\/pages"}],"about":[{"href":"https:\/\/khev.de\/en\/wp-json\/wp\/v2\/types\/page"}],"author":[{"embeddable":true,"href":"https:\/\/khev.de\/en\/wp-json\/wp\/v2\/users\/1"}],"replies":[{"embeddable":true,"href":"https:\/\/khev.de\/en\/wp-json\/wp\/v2\/comments?post=199"}],"version-history":[{"count":9,"href":"https:\/\/khev.de\/en\/wp-json\/wp\/v2\/pages\/199\/revisions"}],"predecessor-version":[{"id":539,"href":"https:\/\/khev.de\/en\/wp-json\/wp\/v2\/pages\/199\/revisions\/539"}],"wp:attachment":[{"href":"https:\/\/khev.de\/en\/wp-json\/wp\/v2\/media?parent=199"}],"curies":[{"name":"wp","href":"https:\/\/api.w.org\/{rel}","templated":true}]}}