{"id":121,"date":"2025-12-02T19:24:16","date_gmt":"2025-12-02T18:24:16","guid":{"rendered":"https:\/\/khev.de\/?page_id=121"},"modified":"2025-12-04T01:42:36","modified_gmt":"2025-12-04T00:42:36","slug":"foa","status":"publish","type":"page","link":"https:\/\/khev.de\/en\/foa\/","title":{"rendered":"Free Open Air"},"content":{"rendered":"<h3 class=\"wp-block-heading has-text-align-center\" id=\"upup-air\">Public Event Areas in Magdeburg<\/h3>\n\n\n\n<p>Alliance for Free Open Air Events:\nBelow are seven public spaces in the city that you can use for your ideas with very low barriers to entry, without having to obtain event approval from the public order office. In return, you must follow a few rules, see <a href=\"#Nutzungs-kriterien\" title=\"criteria for use\">criteria for use<\/a>!<\/p>\n\n\n\n<p><strong>1. City Park \/ Godehardt Pond<\/strong><br>52.111620, 11.645154<\/p>\n\n\n\n<p><strong>2. City Park \/ Dragon Playground<\/strong><br>52.109716, 11.647723<\/p>\n\n\n\n<p><strong>3. Glacis Park at the Ravelin<\/strong><br>52.125396, 11.619309<\/p>\n\n\n\n<p><strong>4. Glacis Park at the Underpass<\/strong><br>52.120914, 11.620412<\/p>\n\n\n\n<p><strong>5. FloraPark \/ west of Holzweg<\/strong><br>52.155630, 11.603900<\/p>\n\n\n\n<p><strong>6. Herrenkrugstra\u00dfe \/ south of the railway tracks<\/strong><br>52.145211, 11.673153<br>Still under review by the Environmental Agency<\/p>\n\n\n\n<p><strong>7. Special Area: Lange Laake car park<\/strong><br>52.155438, 11.667338<br>Please note: You must speak to NFK e.V. in advance, as the area belongs to MVGM and a contract must be signed. Electricity is available but must be paid for.<\/p>\n\n\n\n<h3 class=\"wp-block-heading\" id=\"Nutzungs-kriterien\">criteria for use<\/h3>\n\n\n\n<p>The following criteria must be observed when using these areas:<\/p>\n\n\n\n<ul style=\"line-height:1.5\" class=\"wp-block-list\">\n<li>The number of people is limited to a maximum of 200.<\/li>\n\n\n\n<li>Use of the area is only permitted between 6:00 a.m. and 10:00 p.m. at the latest! <\/li>\n\n\n\n<li>No significant noise pollution for the neighbourhood: guideline value = 50\u201355 dB(A). <\/li>\n\n\n\n<li>The purpose and content of the spontaneous gathering is to enjoy music together, have a picnic, dance, relax or entertain, without:\n<ul class=\"wp-block-list\">\n<li>alcohol consumption is the main focus,<\/li>\n\n\n\n<li>admission is charged,<\/li>\n\n\n\n<li>a stage (over 1.00 m above floor level \/ 25 m\u00b2 floor space) is erected,<\/li>\n\n\n\n<li>or commercial sales (e.g. food and drinks) take place.<\/li>\n<\/ul>\n<\/li>\n\n\n\n<li>The areas must be left clean and tidy, and rubbish must be disposed of properly or taken away!<\/li>\n<\/ul>\n\n\n\n<p class=\"has-text-align-center\">If you wish, you can register your use, along with your contact details, with the public order office. All entries are displayed in a calendar. Scroll down!<\/p>\n\n\n\n<div class=\"wp-block-buttons is-content-justification-center is-layout-flex wp-container-core-buttons-is-layout-a89b3969 wp-block-buttons-is-layout-flex\">\n<div class=\"wp-block-button has-custom-width wp-block-button__width-100\"><a class=\"wp-block-button__link wp-element-button\" href=\"https:\/\/www.netzwerk-freie-kultur.de\/foa\/\" target=\"_blank\" rel=\"noreferrer noopener\">Register your Free Open-Air Event<\/a><\/div>\n<\/div>\n\n\n\n<p class=\"has-text-align-center\"><a href=\"#upup-site\" data-type=\"internal\" data-id=\"#upup-site\">\u2191 <strong>Up Up Up<\/strong> \u2191<\/a><\/p>\n\n\n\n<hr class=\"wp-block-separator has-alpha-channel-opacity\"\/>\n\n\n\n<h3 class=\"wp-block-heading has-text-align-left\">Once Upon a Time... the FOA<\/h3>\n\n\n\n<div class=\"wp-block-buttons is-layout-flex wp-block-buttons-is-layout-flex\">\n<div class=\"wp-block-button has-custom-width wp-block-button__width-100\"><a class=\"wp-block-button__link wp-element-button\" href=\"https:\/\/www.facebook.com\/openairtogo.md\/posts\/pfbid02nMzyHD1KmJYSEjTj7QvNDSRdSx6AVmAfhR3G19PMMLpTkn2CG64z787FNKgTGFKBl\" target=\"_blank\" rel=\"noreferrer noopener\">Suddenly in the spotlight \u2013 free open-air events in Magdeburg 7 April 2019<\/a><\/div>\n\n\n\n<div class=\"wp-block-button has-custom-width wp-block-button__width-100\"><a class=\"wp-block-button__link wp-element-button\" href=\"https:\/\/www.volksstimme.de\/lokal\/magdeburg\/freie-kultur-unter-freiem-himmel-998220\" target=\"_blank\" rel=\"noreferrer noopener\">The alliance is forming \u2013 Volksstimme 27 August 2019<\/a><\/div>\n\n\n\n<div class=\"wp-block-button has-custom-width wp-block-button__width-100\"><a class=\"wp-block-button__link wp-element-button\" href=\"https:\/\/magdeburg2025.de\/news\/detail\/news\/sommer-2020\/\" target=\"_blank\" rel=\"noreferrer noopener\">Statement on the Capital of Culture application 4 April 2020<\/a><\/div>\n\n\n\n<div class=\"wp-block-button has-custom-width wp-block-button__width-100\"><a class=\"wp-block-button__link wp-element-button\" href=\"https:\/\/ratsinfo.magdeburg.de\/getfile.asp?id=615831&amp;type=do&amp;#search=%22A0008\/21%22\" target=\"_blank\" rel=\"noreferrer noopener\">Motion in the City Council 3 February 2021<\/a><\/div>\n\n\n\n<div class=\"wp-block-button has-custom-width wp-block-button__width-100\"><a class=\"wp-block-button__link wp-element-button\" href=\"https:\/\/www.volksstimme.de\/lokal\/magdeburg\/open-air-auch-ohne-anmeldung-in-magdeburg-kann-an-drei-stellen-ohne-genehmigung-gefeiert-werden-3215899\" target=\"_blank\" rel=\"noreferrer noopener\">Model project launched \u2013 Volksstimme 4 August 2021<\/a><\/div>\n\n\n\n<div class=\"wp-block-button has-custom-width wp-block-button__width-100\"><a class=\"wp-block-button__link wp-element-button\" href=\"https:\/\/ratsinfo.magdeburg.de\/getfile.asp?id=636224&amp;type=do&amp;#search=%22A0008\/21%22\" target=\"_blank\" rel=\"noreferrer noopener\">City Council Resolution 24 February 2022<\/a><\/div>\n\n\n\n<div class=\"wp-block-button has-custom-width wp-block-button__width-100\"><a class=\"wp-block-button__link wp-element-button\" href=\"https:\/\/www.magdeburg.de\/B%C3%BCrger-Stadt\/Aktuelles-Presse\/Pressemeldungen\/index.php?object=tx%7C37.40307.1\" target=\"_blank\" rel=\"noreferrer noopener\">Press release from the city 3 June 2022<\/a><\/div>\n\n\n\n<div class=\"wp-block-button has-custom-width wp-block-button__width-100\"><a class=\"wp-block-button__link wp-element-button\" href=\"https:\/\/www.volksstimme.de\/lokal\/magdeburg\/partykultur-in-magdeburg-bundnis-fordert-mehr-freiraume-3657299\" target=\"_blank\" rel=\"noreferrer noopener\">Article in Volksstimme, 24 July 2023<\/a><\/div>\n\n\n\n<div class=\"wp-block-button has-custom-width wp-block-button__width-100\"><a class=\"wp-block-button__link wp-element-button\" href=\"https:\/\/ratsinfo.magdeburg.de\/getfile.asp?id=675202&amp;type=do\" target=\"_blank\" rel=\"noreferrer noopener\">Motion in the city council 17 August 2023<\/a><\/div>\n\n\n\n<div class=\"wp-block-button has-custom-width wp-block-button__width-100\"><a class=\"wp-block-button__link wp-element-button\" href=\"https:\/\/ratsinfo.magdeburg.de\/getfile.asp?id=708589&amp;type=do\" target=\"_blank\" rel=\"noreferrer noopener\">Motion in the City Council 3 December 2024<\/a><\/div>\n\n\n\n<div class=\"wp-block-button has-custom-width wp-block-button__width-100\"><a class=\"wp-block-button__link wp-element-button\" href=\"https:\/\/ratsinfo.magdeburg.de\/getfile.asp?id=715664&amp;type=do&amp;#search=%22I0089\/25%22\" target=\"_blank\" rel=\"noreferrer noopener\">Administration proposal with more restrictions 2 April 2025<\/a><\/div>\n\n\n\n<div class=\"wp-block-button has-custom-width wp-block-button__width-100\"><a class=\"wp-block-button__link wp-element-button\" href=\"https:\/\/www.netzwerk-freie-kultur.de\/oeffentlich\/nfk-after-work\/\" target=\"_blank\" rel=\"noreferrer noopener\">NFK after work: Public Event Areas 29 April 2025<\/a><\/div>\n\n\n\n<div class=\"wp-block-button has-custom-width wp-block-button__width-100\"><a class=\"wp-block-button__link wp-element-button\" href=\"https:\/\/www.magdeburg.de\/B%C3%BCrger-Stadt\/Aktuelles-Presse\/Pressemeldungen\/Mehr-Fl%C3%A4chen-f%C3%BCr-freie-Open-Airs.php?object=tx,698.6.1&amp;FID=698.45826.1&amp;direction=1\" target=\"_blank\" rel=\"noreferrer noopener\">Press release from the city 20 May 2025<\/a><\/div>\n\n\n\n<div class=\"wp-block-button has-custom-width wp-block-button__width-100\"><a class=\"wp-block-button__link wp-element-button\" href=\"https:\/\/www.facebook.com\/klubelektrik\/posts\/magdeburg-als-leuchtturm-f%C3%BCr-freie-open-airskaum-zu-glauben-aber-im-vergleich-zu\/1085256263638469\/\" target=\"_blank\" rel=\"noreferrer noopener\">Statement from Klub Elektrik 21 May 2025<\/a><\/div>\n<\/div>","protected":false},"excerpt":{"rendered":"<p>Fl\u00e4chen in Magdeburg B\u00fcndnis Freie Open Airs: Es folgen sieben \u00f6ffentliche Fl\u00e4chen in der Stadt, die Du sehr niedrigschwellig f\u00fcr deine Ideen nutzen kannst, ohne beim Ordnungsamt eine Veranstaltung genehmigen lassen zu m\u00fcssen. Im Gegenzug musst Du ein paar Spielregeln einhalten, siehe Nutzungskriterien! 1. Stadtpark \/ Godehardt Teich52.111620, 11.645154 2. Stadtpark \/ Drachenspielplatz52.109716, 11.647723 3. [&hellip;]<\/p>\n","protected":false},"author":1,"featured_media":0,"parent":0,"menu_order":0,"comment_status":"closed","ping_status":"closed","template":"","meta":{"footnotes":""},"class_list":["post-121","page","type-page","status-publish","hentry"],"aioseo_notices":[],"_links":{"self":[{"href":"https:\/\/khev.de\/en\/wp-json\/wp\/v2\/pages\/121","targetHints":{"allow":["GET"]}}],"collection":[{"href":"https:\/\/khev.de\/en\/wp-json\/wp\/v2\/pages"}],"about":[{"href":"https:\/\/khev.de\/en\/wp-json\/wp\/v2\/types\/page"}],"author":[{"embeddable":true,"href":"https:\/\/khev.de\/en\/wp-json\/wp\/v2\/users\/1"}],"replies":[{"embeddable":true,"href":"https:\/\/khev.de\/en\/wp-json\/wp\/v2\/comments?post=121"}],"version-history":[{"count":10,"href":"https:\/\/khev.de\/en\/wp-json\/wp\/v2\/pages\/121\/revisions"}],"predecessor-version":[{"id":425,"href":"https:\/\/khev.de\/en\/wp-json\/wp\/v2\/pages\/121\/revisions\/425"}],"wp:attachment":[{"href":"https:\/\/khev.de\/en\/wp-json\/wp\/v2\/media?parent=121"}],"curies":[{"name":"wp","href":"https:\/\/api.w.org\/{rel}","templated":true}]}}